{"id":16,"date":"2019-03-05T17:37:44","date_gmt":"2019-03-05T17:37:44","guid":{"rendered":"http:\/\/hornistyle.de\/?page_id=16"},"modified":"2019-03-05T17:37:44","modified_gmt":"2019-03-05T17:37:44","slug":"datenschutz","status":"publish","type":"page","link":"https:\/\/hornistyle.de\/?page_id=16","title":{"rendered":"Datenschutz"},"content":{"rendered":"\n<p>#hornistyle nimmt den Schutz Ihrer pers\u00f6nlichen Daten sehr ernst. Ich\nbehandle Ihre Personen bezogenen Daten vertraulich und entsprechend der\ngesetzlichen Datenschutzvorschriften sowie dieser Datenschutzerkl\u00e4rung.<\/p>\n\n\n\n<p>Die Nutzung dieser Website ist in der Regel ohne Angabe personenbezogener\nDaten m\u00f6glich. Soweit auf diesen Seiten personenbezogene Daten (beispielsweise Name,\nAnschrift oder E-Mail-Adressen) erhoben werden, erfolgt dies, soweit m\u00f6glich,\nstets auf freiwilliger Basis. Diese Daten werden ohne Ihre ausdr\u00fcckliche\nZustimmung auch nicht an Dritte weitergegeben.<\/p>\n\n\n\n<p>Ich weise darauf hin, dass die Daten\u00fcbertragung im Internet (z.B. bei\nder Kommunikation per E-Mail) Sicherheitsl\u00fccken aufweisen kann. Ein l\u00fcckenloser\nSchutz der Daten vor dem Zugriff durch Dritte ist nicht m\u00f6glich.<\/p>\n\n\n\n<p><strong>Cookies<\/strong><\/p>\n\n\n\n<p>Die Internetseiten verwenden teilweise so genannte Cookies. Cookies\nrichten auf Ihrem Rechner keinen Schaden an und enthalten keine Viren. Cookies\ndienen dazu, unser Angebot Nutzer freundlicher, effektiver und sicherer zu\nmachen. Cookies an sich sind kleine Textdateien, die auf Ihrem Rechner abgelegt\nwerden und die Ihr Browser speichert.<\/p>\n\n\n\n<p>Die meisten der von uns verwendeten Cookies sind so genannte\n\u201eSession-Cookies\u201c. Sie werden nach Ende Ihres Besuchs automatisch gel\u00f6scht.\nAndere Cookies bleiben auf Ihrem Endger\u00e4t gespeichert, bis Sie diese selbst\nl\u00f6schen. Diese Cookies erm\u00f6glichen es uns, Ihren Browser beim n\u00e4chsten Besuch\nwiederzuerkennen.<\/p>\n\n\n\n<p>Sie k\u00f6nnen Ihren Browser so einstellen, dass Sie \u00fcber das Setzen von\nCookies informiert werden und Cookies nur im Einzelfall erlauben, die Annahme\nvon Cookies f\u00fcr bestimmte F\u00e4lle oder generell ausschlie\u00dfen sowie das\nautomatische L\u00f6schen der Cookies beim Schlie\u00dfen des Browsers aktivieren. Bei\nder Deaktivierung von Cookies kann die Funktionalit\u00e4t dieser Website ggf. eingeschr\u00e4nkt\nsein.<\/p>\n\n\n\n<p><strong>Google Analytics<\/strong><\/p>\n\n\n\n<p>Diese Website nutzt den Dienst \u201eGoogle Analytics\u201c, welcher von der\nGoogle Inc. (1600 Amphitheatre Parkway Mountain View, CA 94043, USA) angeboten\nwird, zur Analyse der Websitebenutzung durch Nutzer. Der Dienst verwendet\n\u201eCookies\u201c \u2013 Textdateien, welche auf Ihrem Endger\u00e4t gespeichert werden. Die durch\ndie Cookies gesammelten Informationen werden im Regelfall an einen\nGoogle-Server in den USA gesandt und dort gespeichert.<\/p>\n\n\n\n<p>Die durch das Cookie erzeugten Informationen \u00fcber Ihre Benutzung der\nWebseite wie<\/p>\n\n\n\n<p>\u2022Browser-Typ\/-Version,<\/p>\n\n\n\n<p>\u2022verwendetes Betriebssystem,<\/p>\n\n\n\n<p>\u2022Referrer-URL (die zuvor besuchte Seite),<\/p>\n\n\n\n<p>\u2022Hostname des zugreifenden Rechners (IP-Adresse),<\/p>\n\n\n\n<p>\u2022Uhrzeit der Serveranfrage,<\/p>\n\n\n\n<p>werden in der Regel an einen Server von Google in den USA \u00fcbertragen und\ndort gespeichert. Die im Rahmen von Google Analytics von Ihrem Browser\n\u00fcbermittelte IP-Adresse wird nicht mit anderen Daten von Google\nzusammengef\u00fchrt. Wir haben zudem auf dieser Webseite Google Analytics um den\nCode \u201eanonymizeIP\u201c erweitert. Die IP-Adresse der Nutzer wird innerhalb der\nMitgliedsstaaten der EU und des Europ\u00e4ischen Wirtschaftsraum gek\u00fcrzt. Durch\ndiese K\u00fcrzung entf\u00e4llt der Personenbezug Ihrer IP-Adresse. Im Rahmen der Vereinbarung\nzur Auftragsdatenvereinbarung, welche die Websitebetreiber mit der Google Inc.\ngeschlossen haben, erstellt diese mithilfe der gesammelten Informationen eine\nAuswertung der Websitenutzung und der Websiteaktivit\u00e4t und erbringt mit der\nInternetnutzung verbundene Dienstleistungen.<\/p>\n\n\n\n<p>Sie haben die M\u00f6glichkeit, die Speicherung des Cookies auf Ihrem Ger\u00e4t\nzu verhindern, indem Sie in Ihrem Browser entsprechende Einstellungen\nvornehmen. Es ist nicht gew\u00e4hrleistet, dass Sie auf alle Funktionen dieser\nWebsite ohne Einschr\u00e4nkungen zugreifen k\u00f6nnen, wenn Ihr Browser keine Cookies\nzul\u00e4sst.<\/p>\n\n\n\n<p><strong>Widerspruch gegen\nDatenerfassung<\/strong><\/p>\n\n\n\n<p>Sie k\u00f6nnen die Erfassung Ihrer Daten durch Google Analytics verhindern,\nindem Sie auf folgenden Link klicken. Es wird ein Opt-Out-Cookie gesetzt, der\ndie Erfassung Ihrer Daten bei zuk\u00fcnftigen Besuchen dieser Website verhindert:\nGoogle Analytics deaktivieren.&nbsp; Ihr\nBrowser muss die Speicherung von Cookies also hierzu grunds\u00e4tzlich erlauben.\nL\u00f6schen Sie Ihre Cookies regelm\u00e4\u00dfig, ist ein erneuter Klick auf den Link bei\njedem Besuch dieser Website vonn\u00f6ten.<\/p>\n\n\n\n<p>Mehr Informationen zum Umgang mit Nutzerdaten bei Google Analytics\nfinden Sie in der Datenschutzerkl\u00e4rung von Google:<\/p>\n\n\n\n<figure class=\"wp-block-embed\"><div class=\"wp-block-embed__wrapper\">\nhttps:\/\/support.google.com\/analytics\/answer\/6004245?hl=de\n<\/div><\/figure>\n\n\n\n<p><strong>Browser Plugin<\/strong><\/p>\n\n\n\n<p>Sie k\u00f6nnen die Speicherung der Cookies durch eine entsprechende\nEinstellung Ihrer Browser-Software verhindern; wir weisen Sie jedoch darauf\nhin, dass Sie in diesem Fall gegebenenfalls nicht s\u00e4mtliche Funktionen dieser\nWebsite vollumf\u00e4nglich werden nutzen k\u00f6nnen. Sie k\u00f6nnen dar\u00fcber hinaus die\nErfassung der durch das Cookie erzeugten und auf Ihre Nutzung der Website bezogenen\nDaten (inkl. Ihrer IP-Adresse) an Google sowie die Verarbeitung dieser Daten\ndurch Google &nbsp;verhindern, indem Sie das\nunter dem folgenden Link verf\u00fcgbare Browser-Plugin herunterladen und<\/p>\n\n\n\n<p>auf Ihrem Rechner installieren: <a href=\"https:\/\/tools.google.com\/dlpage\/gaoptout?hl=de\">https:\/\/tools.google.com\/dlpage\/gaoptout?hl=de<\/a><\/p>\n\n\n\n<p><strong>Dauer der\nDatenspeicherung<\/strong><\/p>\n\n\n\n<p>Die beschriebenen Daten (Cookies, Nutzererkennungen, ID`s) werden von\nuns nach 14 Monaten automatisch gel\u00f6scht. Die L\u00f6schung der Daten, deren\nAufbewahrungsfrist erreicht ist, erfolgt standardm\u00e4\u00dfig einmal pro Monat.<\/p>\n\n\n\n<p><strong>SSL-\nVerschl\u00fcsselung<\/strong><\/p>\n\n\n\n<p>Zum Schutz der \u00dcbertragung vertraulicher Inhalte, die Sie an uns senden,\nnutzt diese Website eine SSL-Verschl\u00fcsselung. Daten, die \u00fcber diese Website\n\u00fcbermittelt werden, sind somit f\u00fcr Dritte nicht einsehbar. Sie erkennen eine\nverschl\u00fcsselte Verbindung an der \u201ehttps:\/\/\u201c Adresszeile Ihres Browsers und an\ndem gr\u00fcnen Schloss in der Browserzeile.<\/p>\n\n\n\n<p><strong>Kontaktformular<\/strong><\/p>\n\n\n\n<p>Wenn Sie uns per Kontaktformular Anfragen zukommen lassen, werden Ihre\nAngaben aus dem Anfrageformular inklusive der von Ihnen dort angegebenen\nKontaktdaten zwecks Bearbeitung der Anfrage und f\u00fcr den Fall von\nAnschlussfragen bei uns gespeichert. <\/p>\n\n\n\n<p>Diese Daten geben wir nicht ohne Ihre Einwilligung weiter.<\/p>\n\n\n\n<p><strong>Recht auf\nAuskunft, L\u00f6schung, Sperrung<\/strong><\/p>\n\n\n\n<p>Sie haben jederzeit das Recht auf unentgeltliche Auskunft \u00fcber Ihre\ngespeicherten Personen bezogenen Daten, deren Herkunft und Empf\u00e4nger und den\nZweck der Datenverarbeitung sowie ein Recht auf Berichtigung, Sperrung oder L\u00f6schung\ndieser Daten. Hierzu sowie zu weiteren Fragen zum Thema personenbezogene Daten\nk\u00f6nnen Sie sich jederzeit unter der im Impressum angegebenen Adresse an uns\nwenden.<\/p>\n\n\n\n<p><strong>Widerspruch gegen Werbe-Mails<\/strong><\/p>\n\n\n\n<p>Der Nutzung von im Rahmen der Impressumspflicht ver\u00f6ffentlichten\nKontaktdaten zur \u00dcbersendung von nicht ausdr\u00fccklich angeforderter Werbung und\nInformationsmaterialien wird hiermit widersprochen. Die Betreiber der Seiten\nbehalten sich ausdr\u00fccklich rechtliche Schritte im Falle der unverlangten\nZusendung von Werbeinformationen, etwa durch Spam-E-Mails, vor.<\/p>\n\n\n\n<p>Quelle: <a href=\"http:\/\/www.e-recht24.de\">www.e-recht24.de<\/a><\/p>\n","protected":false},"excerpt":{"rendered":"<p>#hornistyle nimmt den Schutz Ihrer pers\u00f6nlichen Daten sehr ernst. Ich behandle Ihre Personen bezogenen Daten vertraulich und entsprechend der gesetzlichen Datenschutzvorschriften sowie dieser Datenschutzerkl\u00e4rung. Die Nutzung dieser Website ist in der Regel ohne Angabe personenbezogener Daten m\u00f6glich. Soweit auf diesen Seiten personenbezogene Daten (beispielsweise Name, Anschrift oder E-Mail-Adressen) erhoben werden, erfolgt dies, soweit m\u00f6glich, stets &hellip; <\/p>\n<p class=\"link-more\"><a href=\"https:\/\/hornistyle.de\/?page_id=16\" class=\"more-link\"><span class=\"screen-reader-text\">\u201eDatenschutz\u201c <\/span>weiterlesen<\/a><\/p>\n","protected":false},"author":1,"featured_media":0,"parent":0,"menu_order":0,"comment_status":"closed","ping_status":"closed","template":"","meta":{"footnotes":""},"class_list":["post-16","page","type-page","status-publish","hentry"],"_links":{"self":[{"href":"https:\/\/hornistyle.de\/index.php?rest_route=\/wp\/v2\/pages\/16","targetHints":{"allow":["GET"]}}],"collection":[{"href":"https:\/\/hornistyle.de\/index.php?rest_route=\/wp\/v2\/pages"}],"about":[{"href":"https:\/\/hornistyle.de\/index.php?rest_route=\/wp\/v2\/types\/page"}],"author":[{"embeddable":true,"href":"https:\/\/hornistyle.de\/index.php?rest_route=\/wp\/v2\/users\/1"}],"replies":[{"embeddable":true,"href":"https:\/\/hornistyle.de\/index.php?rest_route=%2Fwp%2Fv2%2Fcomments&post=16"}],"version-history":[{"count":1,"href":"https:\/\/hornistyle.de\/index.php?rest_route=\/wp\/v2\/pages\/16\/revisions"}],"predecessor-version":[{"id":17,"href":"https:\/\/hornistyle.de\/index.php?rest_route=\/wp\/v2\/pages\/16\/revisions\/17"}],"wp:attachment":[{"href":"https:\/\/hornistyle.de\/index.php?rest_route=%2Fwp%2Fv2%2Fmedia&parent=16"}],"curies":[{"name":"wp","href":"https:\/\/api.w.org\/{rel}","templated":true}]}}